{"id":2,"date":"2023-01-10T18:31:39","date_gmt":"2023-01-10T17:31:39","guid":{"rendered":"http:\/\/euroconsultora.es\/?page_id=2"},"modified":"2023-03-24T20:23:35","modified_gmt":"2023-03-24T19:23:35","slug":"coaching","status":"publish","type":"page","link":"https:\/\/euroconsultora.es\/index.php\/coaching\/","title":{"rendered":"Transformamos, Desarrollamos y Potenciamos el Talento"},"content":{"rendered":"\n<p>Estamos especializados en inteligencia emocional, perfiles profesionales, comunicaci\u00f3n y modificaci\u00f3n de conducta, motivaci\u00f3n y creaci\u00f3n de equipos de alto rendimiento, tanto en el \u00e1mbito deportivo como empresarial, desarrollo del talento, liderazgo y habilidades en puestos de mando y alta direcci\u00f3n.<\/p>\n\n\n\n<blockquote class=\"wp-block-quote is-layout-flow wp-block-quote-is-layout-flow\">\n<p>Conseguimos que los profesionales y equipos alcancen los resultados y metas propuestas, se conozcan mejor a s\u00ed mismos y sepan actuar en situaciones futuras de una manera eficaz y productiva.<\/p>\n<\/blockquote>\n\n\n\n<p><\/p>\n\n\n\n<blockquote class=\"wp-block-quote is-layout-flow wp-block-quote-is-layout-flow\">\n<p>Dise\u00f1amos programas de alto rendimiento personalizados, donde incorporamos tendencias de innovaci\u00f3n del comportamiento y t\u00e9cnicas de cambio.<\/p>\n<\/blockquote>\n\n\n\n<p>Establecemos diferentes \u00e1reas en las que es necesario ayudar a las personas a rendir de una manera m\u00e1s eficaz. :<\/p>\n\n\n\n<p><strong><em>Proyecto<\/em><\/strong> : Consiste en establecer un objetivo mediante la gesti\u00f3n estrat\u00e9gica de un equipo en la empresa.<br><strong><em>Situaci\u00f3n<\/em><\/strong> : Se trata de establecer una mejora en el rendimiento dentro de determinadas situaciones empresariales.<br><strong><em>Transici\u00f3n<\/em><\/strong> : Recoge los cambios que debe realizar una persona o grupo de personas, al cambiar de trabajo o modificar sus funciones en la empresa.<br><strong><em>Vital<\/em><\/strong> : Se dedica m\u00e1s al \u00e1rea personal de cada persona, es decir, ayudar a alcanzar los objetivos personales de cada individuo, siendo \u00e9stos independientes de los profesionales.<\/p>\n","protected":false},"excerpt":{"rendered":"<p>Estamos especializados en inteligencia emocional, perfiles profesionales, comunicaci\u00f3n y modificaci\u00f3n de conducta, motivaci\u00f3n y creaci\u00f3n de equipos de alto rendimiento, tanto en el \u00e1mbito deportivo como empresarial, desarrollo del talento, liderazgo y habilidades en puestos de mando y alta direcci\u00f3n. Conseguimos que los profesionales y equipos alcancen los resultados y metas propuestas, se conozcan mejor&hellip; <br \/> <a class=\"read-more\" href=\"https:\/\/euroconsultora.es\/index.php\/coaching\/\">Leer m\u00e1s<\/a><\/p>\n","protected":false},"author":1,"featured_media":0,"parent":0,"menu_order":0,"comment_status":"closed","ping_status":"closed","template":"","meta":{"footnotes":""},"class_list":["post-2","page","type-page","status-publish","hentry"],"yoast_head":"<!-- This site is optimized with the Yoast SEO plugin v27.1.1 - https:\/\/yoast.com\/product\/yoast-seo-wordpress\/ -->\n<title>Transformamos, Desarrollamos y Potenciamos el Talento - Euro Consultora<\/title>\n<meta name=\"robots\" content=\"index, follow, max-snippet:-1, max-image-preview:large, max-video-preview:-1\" \/>\n<link rel=\"canonical\" href=\"https:\/\/euroconsultora.es\/index.php\/coaching\/\" \/>\n<meta property=\"og:locale\" content=\"es_ES\" \/>\n<meta property=\"og:type\" content=\"article\" \/>\n<meta property=\"og:title\" content=\"Transformamos, Desarrollamos y Potenciamos el Talento - Euro Consultora\" \/>\n<meta property=\"og:description\" content=\"Estamos especializados en inteligencia emocional, perfiles profesionales, comunicaci\u00f3n y modificaci\u00f3n de conducta, motivaci\u00f3n y creaci\u00f3n de equipos de alto rendimiento, tanto en el \u00e1mbito deportivo como empresarial, desarrollo del talento, liderazgo y habilidades en puestos de mando y alta direcci\u00f3n. Conseguimos que los profesionales y equipos alcancen los resultados y metas propuestas, se conozcan mejor&hellip; Leer m\u00e1s\" \/>\n<meta property=\"og:url\" content=\"https:\/\/euroconsultora.es\/index.php\/coaching\/\" \/>\n<meta property=\"og:site_name\" content=\"Euro Consultora\" \/>\n<meta property=\"article:modified_time\" content=\"2023-03-24T19:23:35+00:00\" \/>\n<meta property=\"og:image\" content=\"https:\/\/euroconsultora.es\/wp-content\/uploads\/2023\/03\/Euro-Consultora-Logo-Original-5000x5000-1.png\" \/>\n\t<meta property=\"og:image:width\" content=\"5000\" \/>\n\t<meta property=\"og:image:height\" content=\"5000\" \/>\n\t<meta property=\"og:image:type\" content=\"image\/png\" \/>\n<meta name=\"twitter:card\" content=\"summary_large_image\" \/>\n<meta name=\"twitter:label1\" content=\"Tiempo de lectura\" \/>\n\t<meta name=\"twitter:data1\" content=\"1 minuto\" \/>\n<script type=\"application\/ld+json\" class=\"yoast-schema-graph\">{\"@context\":\"https:\/\/schema.org\",\"@graph\":[{\"@type\":\"WebPage\",\"@id\":\"https:\/\/euroconsultora.es\/index.php\/coaching\/\",\"url\":\"https:\/\/euroconsultora.es\/index.php\/coaching\/\",\"name\":\"Transformamos, Desarrollamos y Potenciamos el Talento - Euro Consultora\",\"isPartOf\":{\"@id\":\"https:\/\/euroconsultora.es\/#website\"},\"datePublished\":\"2023-01-10T17:31:39+00:00\",\"dateModified\":\"2023-03-24T19:23:35+00:00\",\"breadcrumb\":{\"@id\":\"https:\/\/euroconsultora.es\/index.php\/coaching\/#breadcrumb\"},\"inLanguage\":\"es\",\"potentialAction\":[{\"@type\":\"ReadAction\",\"target\":[\"https:\/\/euroconsultora.es\/index.php\/coaching\/\"]}]},{\"@type\":\"BreadcrumbList\",\"@id\":\"https:\/\/euroconsultora.es\/index.php\/coaching\/#breadcrumb\",\"itemListElement\":[{\"@type\":\"ListItem\",\"position\":1,\"name\":\"Portada\",\"item\":\"https:\/\/euroconsultora.es\/\"},{\"@type\":\"ListItem\",\"position\":2,\"name\":\"Transformamos, Desarrollamos y Potenciamos el Talento\"}]},{\"@type\":\"WebSite\",\"@id\":\"https:\/\/euroconsultora.es\/#website\",\"url\":\"https:\/\/euroconsultora.es\/\",\"name\":\"Euro Consultora\",\"description\":\"Desarrollo y mejora de personas y equipos de trabajo\",\"publisher\":{\"@id\":\"https:\/\/euroconsultora.es\/#organization\"},\"potentialAction\":[{\"@type\":\"SearchAction\",\"target\":{\"@type\":\"EntryPoint\",\"urlTemplate\":\"https:\/\/euroconsultora.es\/?s={search_term_string}\"},\"query-input\":{\"@type\":\"PropertyValueSpecification\",\"valueRequired\":true,\"valueName\":\"search_term_string\"}}],\"inLanguage\":\"es\"},{\"@type\":\"Organization\",\"@id\":\"https:\/\/euroconsultora.es\/#organization\",\"name\":\"Euro Consultora\",\"alternateName\":\"Euroconsultora\",\"url\":\"https:\/\/euroconsultora.es\/\",\"logo\":{\"@type\":\"ImageObject\",\"inLanguage\":\"es\",\"@id\":\"https:\/\/euroconsultora.es\/#\/schema\/logo\/image\/\",\"url\":\"https:\/\/euroconsultora.es\/wp-content\/uploads\/2023\/03\/Euro-Consultora-Logo-Original-5000x5000-1.png\",\"contentUrl\":\"https:\/\/euroconsultora.es\/wp-content\/uploads\/2023\/03\/Euro-Consultora-Logo-Original-5000x5000-1.png\",\"width\":5000,\"height\":5000,\"caption\":\"Euro Consultora\"},\"image\":{\"@id\":\"https:\/\/euroconsultora.es\/#\/schema\/logo\/image\/\"},\"sameAs\":[\"https:\/\/www.linkedin.com\/in\/julio-bracero-martnez-4a5209177\/\"]}]}<\/script>\n<!-- \/ Yoast SEO plugin. -->","yoast_head_json":{"title":"Transformamos, Desarrollamos y Potenciamos el Talento - Euro Consultora","robots":{"index":"index","follow":"follow","max-snippet":"max-snippet:-1","max-image-preview":"max-image-preview:large","max-video-preview":"max-video-preview:-1"},"canonical":"https:\/\/euroconsultora.es\/index.php\/coaching\/","og_locale":"es_ES","og_type":"article","og_title":"Transformamos, Desarrollamos y Potenciamos el Talento - Euro Consultora","og_description":"Estamos especializados en inteligencia emocional, perfiles profesionales, comunicaci\u00f3n y modificaci\u00f3n de conducta, motivaci\u00f3n y creaci\u00f3n de equipos de alto rendimiento, tanto en el \u00e1mbito deportivo como empresarial, desarrollo del talento, liderazgo y habilidades en puestos de mando y alta direcci\u00f3n. Conseguimos que los profesionales y equipos alcancen los resultados y metas propuestas, se conozcan mejor&hellip; Leer m\u00e1s","og_url":"https:\/\/euroconsultora.es\/index.php\/coaching\/","og_site_name":"Euro Consultora","article_modified_time":"2023-03-24T19:23:35+00:00","og_image":[{"width":5000,"height":5000,"url":"https:\/\/euroconsultora.es\/wp-content\/uploads\/2023\/03\/Euro-Consultora-Logo-Original-5000x5000-1.png","type":"image\/png"}],"twitter_card":"summary_large_image","twitter_misc":{"Tiempo de lectura":"1 minuto"},"schema":{"@context":"https:\/\/schema.org","@graph":[{"@type":"WebPage","@id":"https:\/\/euroconsultora.es\/index.php\/coaching\/","url":"https:\/\/euroconsultora.es\/index.php\/coaching\/","name":"Transformamos, Desarrollamos y Potenciamos el Talento - Euro Consultora","isPartOf":{"@id":"https:\/\/euroconsultora.es\/#website"},"datePublished":"2023-01-10T17:31:39+00:00","dateModified":"2023-03-24T19:23:35+00:00","breadcrumb":{"@id":"https:\/\/euroconsultora.es\/index.php\/coaching\/#breadcrumb"},"inLanguage":"es","potentialAction":[{"@type":"ReadAction","target":["https:\/\/euroconsultora.es\/index.php\/coaching\/"]}]},{"@type":"BreadcrumbList","@id":"https:\/\/euroconsultora.es\/index.php\/coaching\/#breadcrumb","itemListElement":[{"@type":"ListItem","position":1,"name":"Portada","item":"https:\/\/euroconsultora.es\/"},{"@type":"ListItem","position":2,"name":"Transformamos, Desarrollamos y Potenciamos el Talento"}]},{"@type":"WebSite","@id":"https:\/\/euroconsultora.es\/#website","url":"https:\/\/euroconsultora.es\/","name":"Euro Consultora","description":"Desarrollo y mejora de personas y equipos de trabajo","publisher":{"@id":"https:\/\/euroconsultora.es\/#organization"},"potentialAction":[{"@type":"SearchAction","target":{"@type":"EntryPoint","urlTemplate":"https:\/\/euroconsultora.es\/?s={search_term_string}"},"query-input":{"@type":"PropertyValueSpecification","valueRequired":true,"valueName":"search_term_string"}}],"inLanguage":"es"},{"@type":"Organization","@id":"https:\/\/euroconsultora.es\/#organization","name":"Euro Consultora","alternateName":"Euroconsultora","url":"https:\/\/euroconsultora.es\/","logo":{"@type":"ImageObject","inLanguage":"es","@id":"https:\/\/euroconsultora.es\/#\/schema\/logo\/image\/","url":"https:\/\/euroconsultora.es\/wp-content\/uploads\/2023\/03\/Euro-Consultora-Logo-Original-5000x5000-1.png","contentUrl":"https:\/\/euroconsultora.es\/wp-content\/uploads\/2023\/03\/Euro-Consultora-Logo-Original-5000x5000-1.png","width":5000,"height":5000,"caption":"Euro Consultora"},"image":{"@id":"https:\/\/euroconsultora.es\/#\/schema\/logo\/image\/"},"sameAs":["https:\/\/www.linkedin.com\/in\/julio-bracero-martnez-4a5209177\/"]}]}},"_links":{"self":[{"href":"https:\/\/euroconsultora.es\/index.php\/wp-json\/wp\/v2\/pages\/2","targetHints":{"allow":["GET"]}}],"collection":[{"href":"https:\/\/euroconsultora.es\/index.php\/wp-json\/wp\/v2\/pages"}],"about":[{"href":"https:\/\/euroconsultora.es\/index.php\/wp-json\/wp\/v2\/types\/page"}],"author":[{"embeddable":true,"href":"https:\/\/euroconsultora.es\/index.php\/wp-json\/wp\/v2\/users\/1"}],"replies":[{"embeddable":true,"href":"https:\/\/euroconsultora.es\/index.php\/wp-json\/wp\/v2\/comments?post=2"}],"version-history":[{"count":9,"href":"https:\/\/euroconsultora.es\/index.php\/wp-json\/wp\/v2\/pages\/2\/revisions"}],"predecessor-version":[{"id":121,"href":"https:\/\/euroconsultora.es\/index.php\/wp-json\/wp\/v2\/pages\/2\/revisions\/121"}],"wp:attachment":[{"href":"https:\/\/euroconsultora.es\/index.php\/wp-json\/wp\/v2\/media?parent=2"}],"curies":[{"name":"wp","href":"https:\/\/api.w.org\/{rel}","templated":true}]}}